{"id":2,"date":"2021-04-02T08:00:05","date_gmt":"2021-04-02T08:00:05","guid":{"rendered":"https:\/\/haltobruit.live-website.com\/?page_id=2"},"modified":"2021-07-30T09:54:44","modified_gmt":"2021-07-30T07:54:44","slug":"accueil","status":"publish","type":"page","link":"https:\/\/haltobruit.fr\/","title":{"rendered":"Bienvenue"},"content":{"rendered":"\r\n<h1 style=\"text-align: center;\"><strong>HALToBRUIT !<\/strong><\/h1>\r\n<p style=\"text-align: center;\"><img loading=\"lazy\" decoding=\"async\" class=\"alignnone size-full wp-image-76\" src=\"https:\/\/haltobruit.fr\/wp-content\/uploads\/2021\/04\/TOON-e1618395146210.jpg\" alt=\"\" width=\"200\" height=\"200\" \/><\/p>\r\n<h3 class=\"has-text-align-center\" style=\"text-align: center;\"><strong>PHILIPPE W. GUILLAUME<\/strong><\/h3>\r\n<p style=\"text-align: center;\"><em><img loading=\"lazy\" decoding=\"async\" class=\"alignnone size-full wp-image-41\" src=\"https:\/\/haltobruit.fr\/wp-content\/uploads\/2021\/04\/coeur.jpg\" alt=\"\" width=\"13\" height=\"13\" \/><img loading=\"lazy\" decoding=\"async\" class=\"alignnone size-full wp-image-41\" src=\"https:\/\/haltobruit.fr\/wp-content\/uploads\/2021\/04\/coeur.jpg\" alt=\"\" width=\"13\" height=\"13\" \/><img loading=\"lazy\" decoding=\"async\" class=\"alignnone size-full wp-image-41\" src=\"https:\/\/haltobruit.fr\/wp-content\/uploads\/2021\/04\/coeur.jpg\" alt=\"\" width=\"13\" height=\"13\" \/><img loading=\"lazy\" decoding=\"async\" class=\"alignnone size-full wp-image-41\" src=\"https:\/\/haltobruit.fr\/wp-content\/uploads\/2021\/04\/coeur.jpg\" alt=\"\" width=\"13\" height=\"13\" \/> Le meilleur roman policier lu \u00e0 ce jour par son auteur !<\/em><\/p>\r\n<p class=\"has-text-align-center\">\r\n\r\n<\/p>\r\n<figure class=\"wp-block-image size-large\"><img loading=\"lazy\" decoding=\"async\" width=\"946\" height=\"220\" class=\"wp-image-5\" src=\"https:\/\/haltobruit.fr\/wp-content\/uploads\/2021\/04\/BANNIERE.jpg\" alt=\"\" srcset=\"https:\/\/haltobruit.fr\/wp-content\/uploads\/2021\/04\/BANNIERE.jpg 946w, https:\/\/haltobruit.fr\/wp-content\/uploads\/2021\/04\/BANNIERE-300x70.jpg 300w, https:\/\/haltobruit.fr\/wp-content\/uploads\/2021\/04\/BANNIERE-768x179.jpg 768w\" sizes=\"auto, (max-width: 946px) 100vw, 946px\" \/><\/figure>\r\n<p class=\"has-text-align-center\">\r\n\r\n<\/p>\r\n<p>Suite \u00e0 une b\u00eate erreur de porte pali\u00e8re, Aldebert, 24 ans, agent de police judiciaire malin et malingre, et Paulette-Marie, 28 ans, sous-brigadi\u00e8re inculte et ob\u00e8se, surnomm\u00e9s Laurel et Hardy par leurs coll\u00e8gues du commissariat central du 5\u00e8me arrondissement de Paris, enqu\u00eatent sur la mort suspecte d\u2019un couple, Don Quichotte modernes luttant contre les bruits \u00e9mis par les moulins \u00e0 deux et quatre roues. Paulette-Marie et Aldebert, dit B\u00e9bert la science, vont devoir d\u00e9lier une affaire o\u00f9 se m\u00ealent crimes, alcool, drogue, pornographie, contrefa\u00e7on et&#8230; humour.<\/p>\r\n<p class=\"has-text-align-center\">\r\n\r\n<\/p>\r\n<p>Ils seront aid\u00e9s dans cette lourde t\u00e2che par Adrien, le boyfriend de Paulette-Marie, gros amateur de gastronomie, Colette Chambard, fliquette rev\u00eache mais fantasquement amoureuse et la commissaire divisionnaire, Christine Corsin.<\/p>\r\n<p><a href=\"https:\/\/haltobruit.fr\/?page_id=36\" target=\"_blank\" rel=\"noopener\">Contactez-moi<\/a><\/p>\r\n<p>Pour vous procurer <strong>HALToBRUIT !<\/strong> en version E-Book, si vous ne l&rsquo;avez d\u00e9j\u00e0 fait, c&rsquo;est <a href=\"https:\/\/haltobruit.fr\/?page_id=53\" target=\"_blank\" rel=\"noopener\"><strong>ICI.<\/strong><\/a><\/p>\r\n<p>\u00c9galement disponible en version papier, sur commande, dans toutes les librairies et sur toutes les plateformes (Amazon, la Fnac, Cultura, Chapitre, Decitre, etc.) ! Toutes les r\u00e9f\u00e9rences <strong><a href=\"https:\/\/haltobruit.fr\/?page_id=100\" target=\"_blank\" rel=\"noopener\">ICI<\/a>.<\/strong><\/p>\r\n<p><img loading=\"lazy\" decoding=\"async\" class=\"size-medium wp-image-93 aligncenter\" src=\"https:\/\/haltobruit.fr\/wp-content\/uploads\/2021\/06\/LIVRE_HALToBRUIT-300x200.jpg\" alt=\"\" width=\"300\" height=\"200\" srcset=\"https:\/\/haltobruit.fr\/wp-content\/uploads\/2021\/06\/LIVRE_HALToBRUIT-300x200.jpg 300w, https:\/\/haltobruit.fr\/wp-content\/uploads\/2021\/06\/LIVRE_HALToBRUIT-768x512.jpg 768w, https:\/\/haltobruit.fr\/wp-content\/uploads\/2021\/06\/LIVRE_HALToBRUIT.jpg 800w\" sizes=\"auto, (max-width: 300px) 100vw, 300px\" \/><\/p>\r\n<p>Vous pouvez laisser un commentaire ci-dessous. S&rsquo;il est \u00e9logieux, il sera publi\u00e9, dans le cas contraire, ne perdez pas votre temps car je l&rsquo;enverrai directement \u00e0 la corbeille.<\/p>\r\n<p><\/p>","protected":false},"excerpt":{"rendered":"<p>HALToBRUIT ! PHILIPPE W. GUILLAUME Le meilleur roman policier lu \u00e0 ce jour par son auteur ! Suite \u00e0 une b\u00eate erreur de porte pali\u00e8re, Aldebert, 24 ans, agent de police judiciaire malin et malingre, et Paulette-Marie, 28 ans, sous-brigadi\u00e8re inculte et ob\u00e8se, surnomm\u00e9s Laurel et Hardy par leurs coll\u00e8gues du commissariat central du 5\u00e8me&hellip; <a class=\"more-link\" href=\"https:\/\/haltobruit.fr\/\">Poursuivre la lecture <span class=\"screen-reader-text\">Bienvenue<\/span><\/a><\/p>\n","protected":false},"author":2,"featured_media":0,"parent":0,"menu_order":0,"comment_status":"open","ping_status":"open","template":"","meta":{"footnotes":""},"class_list":["post-2","page","type-page","status-publish","hentry","entry"],"jetpack_sharing_enabled":true,"_links":{"self":[{"href":"https:\/\/haltobruit.fr\/index.php?rest_route=\/wp\/v2\/pages\/2","targetHints":{"allow":["GET"]}}],"collection":[{"href":"https:\/\/haltobruit.fr\/index.php?rest_route=\/wp\/v2\/pages"}],"about":[{"href":"https:\/\/haltobruit.fr\/index.php?rest_route=\/wp\/v2\/types\/page"}],"author":[{"embeddable":true,"href":"https:\/\/haltobruit.fr\/index.php?rest_route=\/wp\/v2\/users\/2"}],"replies":[{"embeddable":true,"href":"https:\/\/haltobruit.fr\/index.php?rest_route=%2Fwp%2Fv2%2Fcomments&post=2"}],"version-history":[{"count":28,"href":"https:\/\/haltobruit.fr\/index.php?rest_route=\/wp\/v2\/pages\/2\/revisions"}],"predecessor-version":[{"id":142,"href":"https:\/\/haltobruit.fr\/index.php?rest_route=\/wp\/v2\/pages\/2\/revisions\/142"}],"wp:attachment":[{"href":"https:\/\/haltobruit.fr\/index.php?rest_route=%2Fwp%2Fv2%2Fmedia&parent=2"}],"curies":[{"name":"wp","href":"https:\/\/api.w.org\/{rel}","templated":true}]}}