{"id":100,"date":"2021-07-30T09:53:07","date_gmt":"2021-07-30T07:53:07","guid":{"rendered":"https:\/\/haltobruit.fr\/?page_id=100"},"modified":"2021-08-26T16:18:34","modified_gmt":"2021-08-26T14:18:34","slug":"haltobruit-le-livre","status":"publish","type":"page","link":"https:\/\/haltobruit.fr\/?page_id=100","title":{"rendered":"HALToBRUIT ! Le Livre."},"content":{"rendered":"<p><img loading=\"lazy\" decoding=\"async\" class=\"size-medium wp-image-93 aligncenter\" src=\"https:\/\/haltobruit.fr\/wp-content\/uploads\/2021\/06\/LIVRE_HALToBRUIT-300x200.jpg\" alt=\"\" width=\"300\" height=\"200\" srcset=\"https:\/\/haltobruit.fr\/wp-content\/uploads\/2021\/06\/LIVRE_HALToBRUIT-300x200.jpg 300w, https:\/\/haltobruit.fr\/wp-content\/uploads\/2021\/06\/LIVRE_HALToBRUIT-768x512.jpg 768w, https:\/\/haltobruit.fr\/wp-content\/uploads\/2021\/06\/LIVRE_HALToBRUIT.jpg 800w\" sizes=\"auto, (max-width: 300px) 100vw, 300px\" \/><br \/>\nVous pouvez commander le livre broch\u00e9 dans n&rsquo;importe quelle librairie.<\/p>\n<p>Titre : HALToBRUIT !<br \/>\nAuteur : Philippe W. Guillaume<br \/>\n\u00c9diteur : Youstory<br \/>\nISBN : 978-2-38124-032-9<\/p>\n<form action=\"https:\/\/www.paypal.com\/cgi-bin\/webscr\" method=\"post\" target=\"_top\">Ou directement ICI au pris de 18 \u20ac + 5,90 \u20ac de frais d&rsquo;envoi<br \/>\n=\u00a0 23,90 \u20ac port compris.<\/p>\n<p><input alt=\"PayPal, le r\u00e9flexe s\u00e9curit\u00e9 pour payer en ligne\" name=\"submit\" src=\"https:\/\/www.paypalobjects.com\/fr_FR\/FR\/i\/btn\/btn_buynowCC_LG.gif\" type=\"image\" \/><br \/>\n<img loading=\"lazy\" decoding=\"async\" src=\"https:\/\/www.paypalobjects.com\/fr_FR\/i\/scr\/pixel.gif\" alt=\"\" width=\"1\" height=\"1\" border=\"0\" \/><\/p>\n<\/form>\n<p>Ou en ligne :<br \/>\n<a href=\"https:\/\/www.youstory.fr\/?s=HALToBRUIT+%21&amp;product_cat=&amp;post_type=product\" target=\"_blank\" rel=\"noopener\">www.youstory.fr<\/a><br \/>\n<a href=\"https:\/\/www.amazon.fr\/s?k=HALToBRUIT+%21&amp;i=stripbooks&amp;__mk_fr_FR=%C3%85M%C3%85%C5%BD%C3%95%C3%91&amp;ref=nb_sb_noss\" target=\"_blank\" rel=\"noopener\">www.amazon.fr<\/a><br \/>\nEt les autres plateformes&#8230;<\/p>\n","protected":false},"excerpt":{"rendered":"<p>Vous pouvez commander le livre broch\u00e9 dans n&rsquo;importe quelle librairie. Titre : HALToBRUIT ! Auteur : Philippe W. Guillaume \u00c9diteur : Youstory ISBN : 978-2-38124-032-9 Ou directement ICI au pris de 18 \u20ac + 5,90 \u20ac de frais d&rsquo;envoi =\u00a0 23,90 \u20ac port compris. Ou en ligne : www.youstory.fr www.amazon.fr Et les autres plateformes&#8230;<\/p>\n","protected":false},"author":2,"featured_media":0,"parent":0,"menu_order":0,"comment_status":"closed","ping_status":"closed","template":"","meta":{"footnotes":""},"class_list":["post-100","page","type-page","status-publish","hentry","entry"],"jetpack_sharing_enabled":true,"_links":{"self":[{"href":"https:\/\/haltobruit.fr\/index.php?rest_route=\/wp\/v2\/pages\/100","targetHints":{"allow":["GET"]}}],"collection":[{"href":"https:\/\/haltobruit.fr\/index.php?rest_route=\/wp\/v2\/pages"}],"about":[{"href":"https:\/\/haltobruit.fr\/index.php?rest_route=\/wp\/v2\/types\/page"}],"author":[{"embeddable":true,"href":"https:\/\/haltobruit.fr\/index.php?rest_route=\/wp\/v2\/users\/2"}],"replies":[{"embeddable":true,"href":"https:\/\/haltobruit.fr\/index.php?rest_route=%2Fwp%2Fv2%2Fcomments&post=100"}],"version-history":[{"count":5,"href":"https:\/\/haltobruit.fr\/index.php?rest_route=\/wp\/v2\/pages\/100\/revisions"}],"predecessor-version":[{"id":109,"href":"https:\/\/haltobruit.fr\/index.php?rest_route=\/wp\/v2\/pages\/100\/revisions\/109"}],"wp:attachment":[{"href":"https:\/\/haltobruit.fr\/index.php?rest_route=%2Fwp%2Fv2%2Fmedia&parent=100"}],"curies":[{"name":"wp","href":"https:\/\/api.w.org\/{rel}","templated":true}]}}